{"id":31,"date":"2019-09-10T22:03:02","date_gmt":"2019-09-10T20:03:02","guid":{"rendered":"https:\/\/www.penzionnamajirkoch.sk\/?page_id=31"},"modified":"2025-08-08T07:42:42","modified_gmt":"2025-08-08T05:42:42","slug":"31-2","status":"publish","type":"page","link":"https:\/\/www.penzionnamajirkoch.sk\/","title":{"rendered":"Domov"},"content":{"rendered":"<p>[et_pb_section fb_built=&#8220;1&#8243; admin_label=&#8220;Hero Section&#8220; _builder_version=&#8220;3.26.6&#8243; use_background_color_gradient=&#8220;on&#8220; background_color_gradient_start=&#8220;#000000&#8243; background_color_gradient_end=&#8220;rgba(0,0,0,0)&#8220; background_color_gradient_direction=&#8220;141deg&#8220; background_color_gradient_end_position=&#8220;44%&#8220; background_color_gradient_overlays_image=&#8220;on&#8220; background_image=&#8220;https:\/\/www.penzionnamajirkoch.sk\/wp-content\/uploads\/2019\/09\/P_20160805_083915.jpg&#8220; custom_padding=&#8220;10%||10%|&#8220;][et_pb_row column_structure=&#8220;1_2,1_2&#8243; admin_label=&#8220;Hero Area&#8220; _builder_version=&#8220;3.25&#8243;][et_pb_column type=&#8220;1_2&#8243; _builder_version=&#8220;3.25&#8243; custom_padding=&#8220;|||&#8220; custom_padding__hover=&#8220;|||&#8220;][et_pb_text admin_label=&#8220;Title&#8220; _builder_version=&#8220;3.26.6&#8243; text_font=&#8220;||||||||&#8220; header_font=&#8220;Poppins|600|||||||&#8220; header_font_size=&#8220;60px&#8220; header_line_height=&#8220;1.2em&#8220; background_layout=&#8220;dark&#8220; width=&#8220;100%&#8220; width_last_edited=&#8220;on|tablet&#8220; max_width_tablet=&#8220;100%&#8220; max_width_last_edited=&#8220;on|tablet&#8220; custom_margin=&#8220;|-3px|-4px|-2px||&#8220; custom_margin_tablet=&#8220;|||-2px|false|false&#8220; custom_margin_last_edited=&#8220;on|tablet&#8220; custom_padding=&#8220;|||0px||&#8220; animation_style=&#8220;fade&#8220; header_font_size_phone=&#8220;40px&#8220; header_font_size_last_edited=&#8220;on|phone&#8220;]<\/p>\n<h1>Penzi\u00f3n<\/h1>\n<h1>na Maj\u00edrkoch<\/h1>\n<p>[\/et_pb_text][et_pb_text admin_label=&#8220;Subtitle&#8220; _builder_version=&#8220;3.26.6&#8243; text_font=&#8220;Poppins||||||||&#8220; text_font_size=&#8220;25px&#8220; text_line_height=&#8220;1.8em&#8220; header_font=&#8220;||||||||&#8220; background_layout=&#8220;dark&#8220; min_height=&#8220;52px&#8220; custom_margin=&#8220;-3px|||||&#8220; custom_padding=&#8220;6px||0px|||&#8220; animation_style=&#8220;fade&#8220;]V\u00fdhodn\u00e9 ubytovanie v Hol\u00ed\u010di[\/et_pb_text][et_pb_button button_url=&#8220;https:\/\/www.penzionnamajirkoch.sk\/index.php\/kontakt\/&#8220; button_text=&#8220;rezerv\u00e1cia&#8220; _builder_version=&#8220;3.26.6&#8243; custom_button=&#8220;on&#8220; button_text_size=&#8220;14px&#8220; button_text_color=&#8220;#ffffff&#8220; button_bg_color=&#8220;#f07c00&#8243; button_border_width=&#8220;8px&#8220; button_border_color=&#8220;#f07c00&#8243; button_border_radius=&#8220;0px&#8220; button_letter_spacing=&#8220;2px&#8220; button_font=&#8220;Poppins|600||on|||||&#8220; button_icon=&#8220;%%3%%&#8220; custom_margin=&#8220;10px|||&#8220; animation_style=&#8220;fade&#8220; button_text_size__hover_enabled=&#8220;off&#8220; button_one_text_size__hover_enabled=&#8220;off&#8220; button_two_text_size__hover_enabled=&#8220;off&#8220; button_text_color__hover_enabled=&#8220;off&#8220; button_one_text_color__hover_enabled=&#8220;off&#8220; button_two_text_color__hover_enabled=&#8220;off&#8220; button_border_width__hover_enabled=&#8220;off&#8220; button_one_border_width__hover_enabled=&#8220;off&#8220; button_two_border_width__hover_enabled=&#8220;off&#8220; button_border_color__hover_enabled=&#8220;off&#8220; button_one_border_color__hover_enabled=&#8220;off&#8220; button_two_border_color__hover_enabled=&#8220;off&#8220; button_border_radius__hover_enabled=&#8220;off&#8220; button_one_border_radius__hover_enabled=&#8220;off&#8220; button_two_border_radius__hover_enabled=&#8220;off&#8220; button_letter_spacing__hover_enabled=&#8220;off&#8220; button_one_letter_spacing__hover_enabled=&#8220;off&#8220; button_two_letter_spacing__hover_enabled=&#8220;off&#8220; button_bg_color__hover_enabled=&#8220;off&#8220; button_one_bg_color__hover_enabled=&#8220;off&#8220; button_two_bg_color__hover_enabled=&#8220;off&#8220;][\/et_pb_button][\/et_pb_column][et_pb_column type=&#8220;1_2&#8243; _builder_version=&#8220;3.25&#8243; custom_padding=&#8220;|||&#8220; custom_padding__hover=&#8220;|||&#8220;][\/et_pb_column][\/et_pb_row][\/et_pb_section][et_pb_section fb_built=&#8220;1&#8243; admin_label=&#8220;About Section&#8220; _builder_version=&#8220;3.22&#8243; custom_padding=&#8220;0px||0px|&#8220;][et_pb_row column_structure=&#8220;1_2,1_2&#8243; use_custom_gutter=&#8220;on&#8220; gutter_width=&#8220;0&#8243; make_equal=&#8220;on&#8220; admin_label=&#8220;About Area&#8220; _builder_version=&#8220;3.26.6&#8243; width=&#8220;100%&#8220; max_width=&#8220;100%&#8220; min_height=&#8220;506px&#8220; custom_margin=&#8220;|auto|2px|auto||&#8220; custom_padding=&#8220;0px||0px|||&#8220; use_custom_width=&#8220;on&#8220; width_unit=&#8220;off&#8220; custom_width_percent=&#8220;100%&#8220;][et_pb_column type=&#8220;1_2&#8243; _builder_version=&#8220;3.25&#8243; background_color=&#8220;#1e1d1c&#8220; custom_padding=&#8220;10%|5%|10%|5%&#8220; custom_padding__hover=&#8220;|||&#8220;][et_pb_text admin_label=&#8220;Title&#8220; _builder_version=&#8220;3.0.93&#8243; text_font=&#8220;||||||||&#8220; header_font=&#8220;||||||||&#8220; header_2_font=&#8220;Poppins|600|||||||&#8220; header_2_text_align=&#8220;center&#8220; header_2_font_size=&#8220;36px&#8220; header_2_line_height=&#8220;1.2em&#8220; text_orientation=&#8220;center&#8220; background_layout=&#8220;dark&#8220; max_width=&#8220;550px&#8220; module_alignment=&#8220;center&#8220; custom_margin=&#8220;||0px|&#8220; custom_padding=&#8220;|||&#8220; animation_style=&#8220;fade&#8220; animation_direction=&#8220;top&#8220;]<\/p>\n<h2>O n\u00e1s<\/h2>\n<p>[\/et_pb_text][et_pb_divider color=&#8220;#f07c00&#8243; divider_position=&#8220;center&#8220; divider_weight=&#8220;3px&#8220; _builder_version=&#8220;3.26.6&#8243; max_width=&#8220;50px&#8220; module_alignment=&#8220;center&#8220; animation_style=&#8220;slide&#8220; animation_direction=&#8220;top&#8220; animation_intensity_slide=&#8220;10%&#8220; animation_starting_opacity=&#8220;100%&#8220;][\/et_pb_divider][et_pb_text _builder_version=&#8220;3.0.93&#8243; text_font=&#8220;Poppins||||||||&#8220; text_text_color=&#8220;rgba(255,255,255,0.7)&#8220; text_font_size=&#8220;18px&#8220; text_line_height=&#8220;1.8em&#8220; text_orientation=&#8220;center&#8220; max_width=&#8220;570px&#8220; module_alignment=&#8220;center&#8220; custom_margin=&#8220;25px|||&#8220; animation_style=&#8220;fade&#8220;]Sme rodinn\u00fd penzi\u00f3n, ktor\u00fd V\u00e1m od roku 2016 pon\u00faka mo\u017enos\u0165 ubytovania v pr\u00edjemnom prostred\u00ed za v\u00fdhodn\u00fa cenu. Penzi\u00f3n sa nach\u00e1dza v sp\u00e1dovej oblasti mesta Hol\u00ed\u010d, ne\u010faleko \u017eelezni\u010dnej stanice a kruhov\u00e9ho objazdu (LIDL) v smere na Skalicu. V na\u0161ich priestoroch n\u00e1jdete aj hostinec s terasou, v ktorom si m\u00f4\u017eete vychutna\u0165 Va\u0161e ob\u013e\u00faben\u00e9 n\u00e1poje.<\/p>\n<p>Te\u0161\u00edme sa na Va\u0161u n\u00e1v\u0161tevu.[\/et_pb_text][\/et_pb_column][et_pb_column type=&#8220;1_2&#8243; _builder_version=&#8220;3.25&#8243; background_color=&#8220;#282624&#8243; custom_padding=&#8220;10%|5%|10%|5%&#8220; custom_padding__hover=&#8220;|||&#8220;][et_pb_text admin_label=&#8220;Title&#8220; _builder_version=&#8220;3.26.6&#8243; text_font=&#8220;||||||||&#8220; text_text_color=&#8220;#000000&#8243; header_font=&#8220;||||||||&#8220; header_text_color=&#8220;#000000&#8243; header_2_font=&#8220;Poppins|600|||||||&#8220; header_2_text_align=&#8220;center&#8220; header_2_font_size=&#8220;36px&#8220; header_2_line_height=&#8220;1.2em&#8220; text_orientation=&#8220;center&#8220; background_layout=&#8220;dark&#8220; max_width=&#8220;550px&#8220; module_alignment=&#8220;center&#8220; custom_margin=&#8220;||0px|&#8220; custom_padding=&#8220;|||&#8220; animation_style=&#8220;fade&#8220; animation_direction=&#8220;top&#8220;]<\/p>\n<h2>Ponuka izieb<\/h2>\n<p>[\/et_pb_text][et_pb_divider color=&#8220;#f07c00&#8243; divider_position=&#8220;center&#8220; divider_weight=&#8220;3px&#8220; _builder_version=&#8220;3.26.6&#8243; max_width=&#8220;50px&#8220; module_alignment=&#8220;center&#8220; custom_margin=&#8220;|||431px||&#8220; animation_style=&#8220;slide&#8220; animation_direction=&#8220;top&#8220; animation_intensity_slide=&#8220;10%&#8220; animation_starting_opacity=&#8220;100%&#8220; locked=&#8220;off&#8220;][\/et_pb_divider][et_pb_text _builder_version=&#8220;3.26.6&#8243; text_font=&#8220;Poppins||||||||&#8220; text_text_color=&#8220;rgba(255,255,255,0.7)&#8220; text_font_size=&#8220;18px&#8220; text_line_height=&#8220;1.8em&#8220; link_font=&#8220;||||on|||rgba(253,180,103,0.5)|dotted&#8220; link_text_color=&#8220;rgba(255,255,255,0.7)&#8220; ul_font=&#8220;||||||||&#8220; header_font=&#8220;||||||||&#8220; header_2_font=&#8220;||||||||&#8220; text_orientation=&#8220;center&#8220; max_width=&#8220;570px&#8220; module_alignment=&#8220;center&#8220; custom_margin=&#8220;25px|||&#8220; custom_padding=&#8220;|||&#8220; animation_style=&#8220;fade&#8220; locked=&#8220;off&#8220;]V ponuke m\u00e1me 8 izieb s celkovou kapacitou 22 host\u00ed.\u00a0 Ka\u017ed\u00e1 izba m\u00e1 wifi pripojenie na internet, TV, samostatn\u00fa k\u00fape\u013e\u0148u s WC, chladni\u010dku a r\u00fdchlovarn\u00fa kanvicu.<\/p>\n<p>Rozdelen\u00e9 s\u00fa nasledovne:<\/p>\n<p>4 dvojl\u00f4\u017ekov\u00e9 izby s mo\u017enos\u0165ou pr\u00edstelky<\/p>\n<p>2 trojl\u00f4\u017ekov\u00e9 izby<\/p>\n<p>2 izby s kuchynkou[\/et_pb_text][et_pb_button button_url=&#8220;https:\/\/www.penzionnamajirkoch.sk\/index.php\/galeria\/&#8220; button_text=&#8220;Gal\u00e9ria&#8220; button_alignment=&#8220;center&#8220; _builder_version=&#8220;3.26.6&#8243; custom_button=&#8220;on&#8220; button_text_size=&#8220;14px&#8220; button_text_color=&#8220;#ffffff&#8220; button_bg_color=&#8220;#f07c00&#8243; button_border_width=&#8220;8px&#8220; button_border_color=&#8220;#f07c00&#8243; button_border_radius=&#8220;0px&#8220; button_letter_spacing=&#8220;2px&#8220; button_font=&#8220;Poppins|600||on|||||&#8220; button_icon=&#8220;%%3%%&#8220; custom_margin=&#8220;20px|||&#8220; animation_style=&#8220;fade&#8220; locked=&#8220;off&#8220; button_text_size__hover_enabled=&#8220;off&#8220; button_one_text_size__hover_enabled=&#8220;off&#8220; button_two_text_size__hover_enabled=&#8220;off&#8220; button_text_color__hover_enabled=&#8220;off&#8220; button_one_text_color__hover_enabled=&#8220;off&#8220; button_two_text_color__hover_enabled=&#8220;off&#8220; button_border_width__hover_enabled=&#8220;off&#8220; button_one_border_width__hover_enabled=&#8220;off&#8220; button_two_border_width__hover_enabled=&#8220;off&#8220; button_border_color__hover_enabled=&#8220;off&#8220; button_one_border_color__hover_enabled=&#8220;off&#8220; button_two_border_color__hover_enabled=&#8220;off&#8220; button_border_radius__hover_enabled=&#8220;off&#8220; button_one_border_radius__hover_enabled=&#8220;off&#8220; button_two_border_radius__hover_enabled=&#8220;off&#8220; button_letter_spacing__hover_enabled=&#8220;off&#8220; button_one_letter_spacing__hover_enabled=&#8220;off&#8220; button_two_letter_spacing__hover_enabled=&#8220;off&#8220; button_bg_color__hover_enabled=&#8220;off&#8220; button_one_bg_color__hover_enabled=&#8220;off&#8220; button_two_bg_color__hover_enabled=&#8220;off&#8220;][\/et_pb_button][\/et_pb_column][\/et_pb_row][\/et_pb_section][et_pb_section fb_built=&#8220;1&#8243; _builder_version=&#8220;3.26.6&#8243; background_color=&#8220;#efe9e4&#8243; width=&#8220;100%&#8220; height=&#8220;524px&#8220; height_last_edited=&#8220;on|phone&#8220; custom_margin=&#8220;0px||0px||false|false&#8220; global_module=&#8220;182&#8243; saved_tabs=&#8220;all&#8220;][et_pb_row _builder_version=&#8220;3.26.6&#8243;][et_pb_column type=&#8220;4_4&#8243; _builder_version=&#8220;3.26.6&#8243;][et_pb_text admin_label=&#8220;Title&#8220; _builder_version=&#8220;3.26.6&#8243; text_font=&#8220;|700|||||||&#8220; text_text_align=&#8220;center&#8220; text_text_color=&#8220;#1e1d1c&#8220; header_font=&#8220;||||||||&#8220; header_2_font=&#8220;Poppins|600|||||||&#8220; header_2_font_size=&#8220;36px&#8220; header_2_line_height=&#8220;1.2em&#8220; width=&#8220;100%&#8220; custom_margin=&#8220;||-8px|||&#8220; animation_style=&#8220;fold&#8220; animation_direction=&#8220;left&#8220; animation_intensity_fold=&#8220;10%&#8220; animation_starting_opacity=&#8220;100%&#8220;]<\/p>\n<h2>Cenn\u00edk<\/h2>\n<p>[\/et_pb_text][\/et_pb_column][\/et_pb_row][et_pb_row column_structure=&#8220;1_6,1_6,1_6,1_6,1_6,1_6&#8243; _builder_version=&#8220;3.26.6&#8243;][et_pb_column type=&#8220;1_6&#8243; _builder_version=&#8220;3.26.6&#8243;][\/et_pb_column][et_pb_column type=&#8220;1_6&#8243; _builder_version=&#8220;3.26.6&#8243;][et_pb_blurb title=&#8220;2 l\u00f4\u017ekov\u00e1 izba&#8220; use_icon=&#8220;on&#8220; font_icon=&#8220;%%47%%&#8220; icon_color=&#8220;#f07c00&#8243; use_icon_font_size=&#8220;on&#8220; icon_font_size=&#8220;36px&#8220; _builder_version=&#8220;3.26.6&#8243; text_orientation=&#8220;center&#8220;]<\/p>\n<p><strong>40,-<\/strong> <strong>EUR \/ noc<br \/> <\/strong><\/p>\n<p>[\/et_pb_blurb][\/et_pb_column][et_pb_column type=&#8220;1_6&#8243; _builder_version=&#8220;3.26.6&#8243;][et_pb_blurb title=&#8220;3 l\u00f4\u017ekov\u00e1 izba&#8220; use_icon=&#8220;on&#8220; font_icon=&#8220;%%47%%&#8220; icon_color=&#8220;#f07c00&#8243; use_icon_font_size=&#8220;on&#8220; icon_font_size=&#8220;36px&#8220; _builder_version=&#8220;3.26.6&#8243; text_orientation=&#8220;center&#8220;]<\/p>\n<p><strong>50,-<\/strong> <strong>EUR<\/strong><\/p>\n<p>[\/et_pb_blurb][\/et_pb_column][et_pb_column type=&#8220;1_6&#8243; _builder_version=&#8220;3.26.6&#8243;][et_pb_blurb title=&#8220;Die\u0165a do 3 r.&#8220; use_icon=&#8220;on&#8220; font_icon=&#8220;%%47%%&#8220; icon_color=&#8220;#f07c00&#8243; use_icon_font_size=&#8220;on&#8220; icon_font_size=&#8220;36px&#8220; _builder_version=&#8220;3.26.6&#8243; text_orientation=&#8220;center&#8220;]<\/p>\n<p><strong>ZDARMA<br \/> <\/strong><strong><\/strong><\/p>\n<p>[\/et_pb_blurb][\/et_pb_column][et_pb_column type=&#8220;1_6&#8243; _builder_version=&#8220;3.26.6&#8243;][et_pb_blurb title=&#8220;Zviera&#8220; use_icon=&#8220;on&#8220; font_icon=&#8220;%%47%%&#8220; icon_color=&#8220;#f07c00&#8243; use_icon_font_size=&#8220;on&#8220; icon_font_size=&#8220;36px&#8220; _builder_version=&#8220;3.26.6&#8243; text_orientation=&#8220;center&#8220;]<\/p>\n<p><strong>10,-<\/strong> <strong>EUR<\/strong><\/p>\n<p>[\/et_pb_blurb][\/et_pb_column][et_pb_column type=&#8220;1_6&#8243; _builder_version=&#8220;3.26.6&#8243;][et_pb_blurb title=&#8220;Dlhodob\u00e9 ubytovanie&#8220; use_icon=&#8220;on&#8220; font_icon=&#8220;%%47%%&#8220; icon_color=&#8220;#f07c00&#8243; use_icon_font_size=&#8220;on&#8220; icon_font_size=&#8220;36px&#8220; _builder_version=&#8220;3.26.6&#8243; text_orientation=&#8220;center&#8220;]<\/p>\n<p><strong>INDIVIDU\u00c1LNE<br \/> <\/strong><strong><\/strong><\/p>\n<p>[\/et_pb_blurb][\/et_pb_column][\/et_pb_row][et_pb_row _builder_version=&#8220;3.26.6&#8243;][et_pb_column type=&#8220;4_4&#8243; _builder_version=&#8220;3.26.6&#8243;][et_pb_text _builder_version=&#8220;3.26.6&#8243; text_text_align=&#8220;center&#8220;]<\/p>\n<p>Sme platcami DPH.<\/p>\n<p>Pr\u00edjmame aj platby platobn\u00fdmi kartami.<\/p>\n<p>[\/et_pb_text][\/et_pb_column][\/et_pb_row][\/et_pb_section][et_pb_section fb_built=&#8220;1&#8243; admin_label=&#8220;Footer Section&#8220; _builder_version=&#8220;3.26.6&#8243; background_color=&#8220;#282624&#8243; min_height=&#8220;310px&#8220; custom_margin=&#8220;||-4px|||&#8220; custom_padding=&#8220;90px||56px|||&#8220; saved_tabs=&#8220;all&#8220;][et_pb_row column_structure=&#8220;1_3,1_3,1_3&#8243; admin_label=&#8220;Footer Area&#8220; _builder_version=&#8220;3.25&#8243; custom_margin=&#8220;-61px|auto||auto||&#8220; custom_padding=&#8220;||4px|||&#8220;][et_pb_column type=&#8220;1_3&#8243; _builder_version=&#8220;3.25&#8243; custom_padding=&#8220;|||&#8220; custom_padding__hover=&#8220;|||&#8220;][et_pb_text ul_type=&#8220;none&#8220; admin_label=&#8220;Title&#8220; _builder_version=&#8220;3.26.6&#8243; text_font=&#8220;Poppins||||||||&#8220; text_text_color=&#8220;rgba(255,255,255,0.7)&#8220; text_font_size=&#8220;16px&#8220; text_line_height=&#8220;1.8em&#8220; ul_font=&#8220;Poppins||||||||&#8220; ul_text_align=&#8220;center&#8220; header_font=&#8220;||||||||&#8220; header_2_font=&#8220;Poppins||||||||&#8220; header_2_text_align=&#8220;center&#8220; header_2_font_size=&#8220;24px&#8220; header_2_line_height=&#8220;1.4em&#8220; text_orientation=&#8220;center&#8220; background_layout=&#8220;dark&#8220; custom_margin=&#8220;||15px|&#8220; custom_padding=&#8220;|||&#8220; animation_style=&#8220;fade&#8220;]<\/p>\n<h2>\nAdresa<\/h2>\n<p>Holl\u00e9ho 831\/6, 908 51 Hol\u00ed\u010d[\/et_pb_text][et_pb_button button_url=&#8220;https:\/\/www.google.sk\/maps\/place\/Penzi\u00f3n+na+Maj%C3%ADrkoch\/@48.817282,17.153549,17z\/data=!3m1!4b1!4m5!3m4!1s0x47132e0193ce5663:0xd258356c784a71db!8m2!3d48.817282!4d17.1557377?shorturl=1&#8243; url_new_window=&#8220;on&#8220; button_text=&#8220;NAVIG\u00c1CIA&#8220; button_alignment=&#8220;center&#8220; _builder_version=&#8220;3.26.6&#8243; custom_button=&#8220;on&#8220; button_text_size=&#8220;12px&#8220; button_text_color=&#8220;#ffffff&#8220; button_bg_color=&#8220;#f07c00&#8243; button_border_color=&#8220;#f07c00&#8243; button_letter_spacing=&#8220;2px&#8220; button_use_icon=&#8220;off&#8220; background_layout=&#8220;dark&#8220; global_module=&#8220;231&#8243; saved_tabs=&#8220;all&#8220;][\/et_pb_button][\/et_pb_column][et_pb_column type=&#8220;1_3&#8243; _builder_version=&#8220;3.25&#8243; custom_padding=&#8220;|||&#8220; custom_padding__hover=&#8220;|||&#8220;][et_pb_text ul_type=&#8220;none&#8220; admin_label=&#8220;Title&#8220; _builder_version=&#8220;3.26.6&#8243; text_font=&#8220;Poppins||||||||&#8220; text_text_color=&#8220;rgba(255,255,255,0.7)&#8220; text_font_size=&#8220;16px&#8220; text_line_height=&#8220;1.8em&#8220; ul_font=&#8220;Poppins||||||||&#8220; ul_text_align=&#8220;center&#8220; header_font=&#8220;||||||||&#8220; header_2_font=&#8220;Poppins||||||||&#8220; header_2_text_align=&#8220;center&#8220; header_2_font_size=&#8220;24px&#8220; header_2_line_height=&#8220;1.4em&#8220; text_orientation=&#8220;center&#8220; background_layout=&#8220;dark&#8220; custom_margin=&#8220;||15px|&#8220; custom_padding=&#8220;|||&#8220; animation_style=&#8220;fade&#8220;]<\/p>\n<h2>Zavolajte n\u00e1m<\/h2>\n<p>+421 903 935 574<\/p>\n<p>[\/et_pb_text][\/et_pb_column][et_pb_column type=&#8220;1_3&#8243; _builder_version=&#8220;3.25&#8243; custom_padding=&#8220;|||&#8220; custom_padding__hover=&#8220;|||&#8220;][et_pb_text ul_type=&#8220;none&#8220; admin_label=&#8220;Title&#8220; _builder_version=&#8220;3.26.6&#8243; text_font=&#8220;Poppins||||||||&#8220; text_text_color=&#8220;rgba(255,255,255,0.7)&#8220; text_font_size=&#8220;16px&#8220; text_line_height=&#8220;1.8em&#8220; ul_font=&#8220;Poppins||||||||&#8220; ul_text_align=&#8220;center&#8220; header_font=&#8220;||||||||&#8220; header_2_font=&#8220;Poppins||||||||&#8220; header_2_text_align=&#8220;center&#8220; header_2_font_size=&#8220;24px&#8220; header_2_line_height=&#8220;1.4em&#8220; text_orientation=&#8220;center&#8220; background_layout=&#8220;dark&#8220; custom_margin=&#8220;||15px|&#8220; custom_padding=&#8220;|||&#8220; animation_style=&#8220;fade&#8220;]<\/p>\n<h2>Email<\/h2>\n<p><a href=\"mailto:nikolscha@gmail.com\">olgaschultzova@gmail.com<\/a><\/p>\n<p>[\/et_pb_text][\/et_pb_column][\/et_pb_row][et_pb_row admin_label=&#8220;Social Media&#8220; _builder_version=&#8220;3.25&#8243; min_height=&#8220;102px&#8220; custom_margin=&#8220;30px|||&#8220; custom_padding=&#8220;||0px|||&#8220; disabled_on=&#8220;off|off|off&#8220;][et_pb_column type=&#8220;4_4&#8243; _builder_version=&#8220;3.25&#8243; custom_padding=&#8220;|||&#8220; custom_padding__hover=&#8220;|||&#8220;][et_pb_social_media_follow _builder_version=&#8220;3.26.6&#8243; text_orientation=&#8220;center&#8220;][et_pb_social_media_follow_network social_network=&#8220;facebook&#8220; url=&#8220;https:\/\/www.facebook.com\/penzionnamajirkoch&#8220; _builder_version=&#8220;3.26.6&#8243; background_color=&#8220;#68b0fd&#8220; background_enable_color=&#8220;on&#8220; border_radii=&#8220;on|100px|100px|100px|100px&#8220; custom_margin=&#8220;|8px||8px&#8220; custom_padding=&#8220;14px|14px|14px|14px&#8220; follow_button=&#8220;off&#8220; url_new_window=&#8220;on&#8220;]facebook[\/et_pb_social_media_follow_network][\/et_pb_social_media_follow][\/et_pb_column][\/et_pb_row][\/et_pb_section]<\/p>\n","protected":false},"excerpt":{"rendered":"<p>Penzi\u00f3n na Maj\u00edrkochV\u00fdhodn\u00e9 ubytovanie v Hol\u00ed\u010diO n\u00e1sSme rodinn\u00fd penzi\u00f3n, ktor\u00fd V\u00e1m od roku 2016 pon\u00faka mo\u017enos\u0165 ubytovania v pr\u00edjemnom prostred\u00ed za v\u00fdhodn\u00fa cenu. Penzi\u00f3n sa nach\u00e1dza v sp\u00e1dovej oblasti mesta Hol\u00ed\u010d, ne\u010faleko \u017eelezni\u010dnej stanice a kruhov\u00e9ho objazdu (LIDL) v smere na Skalicu. V na\u0161ich priestoroch n\u00e1jdete aj hostinec s terasou, v ktorom si m\u00f4\u017eete vychutna\u0165 [&hellip;]<\/p>\n","protected":false},"author":1,"featured_media":0,"parent":0,"menu_order":0,"comment_status":"closed","ping_status":"closed","template":"","meta":{"_et_pb_use_builder":"on","_et_pb_old_content":"","_et_gb_content_width":"","footnotes":""},"class_list":["post-31","page","type-page","status-publish","hentry"],"_links":{"self":[{"href":"https:\/\/www.penzionnamajirkoch.sk\/index.php\/wp-json\/wp\/v2\/pages\/31","targetHints":{"allow":["GET"]}}],"collection":[{"href":"https:\/\/www.penzionnamajirkoch.sk\/index.php\/wp-json\/wp\/v2\/pages"}],"about":[{"href":"https:\/\/www.penzionnamajirkoch.sk\/index.php\/wp-json\/wp\/v2\/types\/page"}],"author":[{"embeddable":true,"href":"https:\/\/www.penzionnamajirkoch.sk\/index.php\/wp-json\/wp\/v2\/users\/1"}],"replies":[{"embeddable":true,"href":"https:\/\/www.penzionnamajirkoch.sk\/index.php\/wp-json\/wp\/v2\/comments?post=31"}],"version-history":[{"count":52,"href":"https:\/\/www.penzionnamajirkoch.sk\/index.php\/wp-json\/wp\/v2\/pages\/31\/revisions"}],"predecessor-version":[{"id":313,"href":"https:\/\/www.penzionnamajirkoch.sk\/index.php\/wp-json\/wp\/v2\/pages\/31\/revisions\/313"}],"wp:attachment":[{"href":"https:\/\/www.penzionnamajirkoch.sk\/index.php\/wp-json\/wp\/v2\/media?parent=31"}],"curies":[{"name":"wp","href":"https:\/\/api.w.org\/{rel}","templated":true}]}}