{"id":160,"date":"2019-09-16T17:49:15","date_gmt":"2019-09-16T15:49:15","guid":{"rendered":"https:\/\/www.penzionnamajirkoch.sk\/?page_id=160"},"modified":"2025-08-08T07:41:15","modified_gmt":"2025-08-08T05:41:15","slug":"kontakt","status":"publish","type":"page","link":"https:\/\/www.penzionnamajirkoch.sk\/index.php\/kontakt\/","title":{"rendered":"Kontakt"},"content":{"rendered":"<p>[et_pb_section fb_built=&#8220;1&#8243; admin_label=&#8220;Footer Section&#8220; _builder_version=&#8220;3.26.6&#8243; background_color=&#8220;#282624&#8243; min_height=&#8220;310px&#8220; custom_margin=&#8220;||-4px|||&#8220; custom_padding=&#8220;90px||56px|||&#8220; saved_tabs=&#8220;all&#8220;][et_pb_row column_structure=&#8220;1_3,1_3,1_3&#8243; admin_label=&#8220;Footer Area&#8220; _builder_version=&#8220;3.25&#8243; custom_margin=&#8220;-61px|auto||auto||&#8220; custom_padding=&#8220;||4px|||&#8220;][et_pb_column type=&#8220;1_3&#8243; _builder_version=&#8220;3.25&#8243; custom_padding=&#8220;|||&#8220; custom_padding__hover=&#8220;|||&#8220;][et_pb_text ul_type=&#8220;none&#8220; admin_label=&#8220;Title&#8220; _builder_version=&#8220;3.26.6&#8243; text_font=&#8220;Poppins||||||||&#8220; text_text_color=&#8220;rgba(255,255,255,0.7)&#8220; text_font_size=&#8220;16px&#8220; text_line_height=&#8220;1.8em&#8220; ul_font=&#8220;Poppins||||||||&#8220; ul_text_align=&#8220;center&#8220; header_font=&#8220;||||||||&#8220; header_2_font=&#8220;Poppins||||||||&#8220; header_2_text_align=&#8220;center&#8220; header_2_font_size=&#8220;24px&#8220; header_2_line_height=&#8220;1.4em&#8220; text_orientation=&#8220;center&#8220; background_layout=&#8220;dark&#8220; custom_margin=&#8220;||15px|&#8220; custom_padding=&#8220;|||&#8220; animation_style=&#8220;fade&#8220; link_option_url=&#8220;https:\/\/goo.gl\/maps\/zvfzbY6Y173cztng8&#8243; link_option_url_new_window=&#8220;on&#8220;]<\/p>\n<h2>Adresa<\/h2>\n<p>Holl\u00e9ho 831\/6, 908 51 Hol\u00ed\u010d[\/et_pb_text][et_pb_button button_url=&#8220;https:\/\/www.google.sk\/maps\/place\/Penzi\u00f3n+na+Maj%C3%ADrkoch\/@48.817282,17.153549,17z\/data=!3m1!4b1!4m5!3m4!1s0x47132e0193ce5663:0xd258356c784a71db!8m2!3d48.817282!4d17.1557377?shorturl=1&#8243; url_new_window=&#8220;on&#8220; button_text=&#8220;NAVIG\u00c1CIA&#8220; button_alignment=&#8220;center&#8220; _builder_version=&#8220;3.26.6&#8243; custom_button=&#8220;on&#8220; button_text_size=&#8220;12px&#8220; button_text_color=&#8220;#ffffff&#8220; button_bg_color=&#8220;#f07c00&#8243; button_border_color=&#8220;#f07c00&#8243; button_letter_spacing=&#8220;2px&#8220; button_use_icon=&#8220;off&#8220; background_layout=&#8220;dark&#8220; global_module=&#8220;231&#8243;][\/et_pb_button][\/et_pb_column][et_pb_column type=&#8220;1_3&#8243; _builder_version=&#8220;3.25&#8243; custom_padding=&#8220;|||&#8220; custom_padding__hover=&#8220;|||&#8220;][et_pb_text ul_type=&#8220;none&#8220; admin_label=&#8220;Title&#8220; _builder_version=&#8220;3.26.6&#8243; text_font=&#8220;Poppins||||||||&#8220; text_text_color=&#8220;rgba(255,255,255,0.7)&#8220; text_font_size=&#8220;16px&#8220; text_line_height=&#8220;1.8em&#8220; ul_font=&#8220;Poppins||||||||&#8220; ul_text_align=&#8220;center&#8220; header_font=&#8220;||||||||&#8220; header_2_font=&#8220;Poppins||||||||&#8220; header_2_text_align=&#8220;center&#8220; header_2_font_size=&#8220;24px&#8220; header_2_line_height=&#8220;1.4em&#8220; text_orientation=&#8220;center&#8220; background_layout=&#8220;dark&#8220; custom_margin=&#8220;||15px|&#8220; custom_padding=&#8220;|||&#8220; animation_style=&#8220;fade&#8220;]<\/p>\n<h2>Zavolajte n\u00e1m<\/h2>\n<p>+421 903 935 574[\/et_pb_text][\/et_pb_column][et_pb_column type=&#8220;1_3&#8243; _builder_version=&#8220;3.25&#8243; custom_padding=&#8220;|||&#8220; custom_padding__hover=&#8220;|||&#8220;][et_pb_text ul_type=&#8220;none&#8220; admin_label=&#8220;Title&#8220; _builder_version=&#8220;3.26.6&#8243; text_font=&#8220;Poppins||||||||&#8220; text_text_color=&#8220;rgba(255,255,255,0.7)&#8220; text_font_size=&#8220;16px&#8220; text_line_height=&#8220;1.8em&#8220; ul_font=&#8220;Poppins||||||||&#8220; ul_text_align=&#8220;center&#8220; header_font=&#8220;||||||||&#8220; header_2_font=&#8220;Poppins||||||||&#8220; header_2_text_align=&#8220;center&#8220; header_2_font_size=&#8220;24px&#8220; header_2_line_height=&#8220;1.4em&#8220; text_orientation=&#8220;center&#8220; background_layout=&#8220;dark&#8220; custom_margin=&#8220;||15px|&#8220; custom_padding=&#8220;|||&#8220; animation_style=&#8220;fade&#8220;]<\/p>\n<h2>Email<\/h2>\n<p><a href=\"mailto:olgaschultzova@gmail.com\">olgaschultzova@gmail.com<\/a>[\/et_pb_text][\/et_pb_column][\/et_pb_row][et_pb_row admin_label=&#8220;Social Media&#8220; _builder_version=&#8220;3.25&#8243; min_height=&#8220;102px&#8220; custom_margin=&#8220;30px|||&#8220; custom_padding=&#8220;||0px|||&#8220; disabled_on=&#8220;off|off|off&#8220;][et_pb_column type=&#8220;4_4&#8243; _builder_version=&#8220;3.25&#8243; custom_padding=&#8220;|||&#8220; custom_padding__hover=&#8220;|||&#8220;][et_pb_social_media_follow _builder_version=&#8220;3.26.6&#8243; text_orientation=&#8220;center&#8220;][et_pb_social_media_follow_network social_network=&#8220;facebook&#8220; url=&#8220;https:\/\/www.facebook.com\/penzionnamajirkoch&#8220; _builder_version=&#8220;3.26.6&#8243; background_color=&#8220;#68b0fd&#8220; background_enable_color=&#8220;on&#8220; border_radii=&#8220;on|100px|100px|100px|100px&#8220; custom_margin=&#8220;|8px||8px&#8220; custom_padding=&#8220;14px|14px|14px|14px&#8220; follow_button=&#8220;off&#8220; url_new_window=&#8220;on&#8220;]facebook[\/et_pb_social_media_follow_network][\/et_pb_social_media_follow][\/et_pb_column][\/et_pb_row][\/et_pb_section]<\/p>\n","protected":false},"excerpt":{"rendered":"<p>Adresa Holl\u00e9ho 831\/6, 908 51 Hol\u00ed\u010dZavolajte n\u00e1m +421 903 935 574Email olgaschultzova@gmail.com<\/p>\n","protected":false},"author":1,"featured_media":0,"parent":0,"menu_order":0,"comment_status":"closed","ping_status":"closed","template":"","meta":{"_et_pb_use_builder":"on","_et_pb_old_content":"","_et_gb_content_width":"","footnotes":""},"class_list":["post-160","page","type-page","status-publish","hentry"],"_links":{"self":[{"href":"https:\/\/www.penzionnamajirkoch.sk\/index.php\/wp-json\/wp\/v2\/pages\/160","targetHints":{"allow":["GET"]}}],"collection":[{"href":"https:\/\/www.penzionnamajirkoch.sk\/index.php\/wp-json\/wp\/v2\/pages"}],"about":[{"href":"https:\/\/www.penzionnamajirkoch.sk\/index.php\/wp-json\/wp\/v2\/types\/page"}],"author":[{"embeddable":true,"href":"https:\/\/www.penzionnamajirkoch.sk\/index.php\/wp-json\/wp\/v2\/users\/1"}],"replies":[{"embeddable":true,"href":"https:\/\/www.penzionnamajirkoch.sk\/index.php\/wp-json\/wp\/v2\/comments?post=160"}],"version-history":[{"count":15,"href":"https:\/\/www.penzionnamajirkoch.sk\/index.php\/wp-json\/wp\/v2\/pages\/160\/revisions"}],"predecessor-version":[{"id":311,"href":"https:\/\/www.penzionnamajirkoch.sk\/index.php\/wp-json\/wp\/v2\/pages\/160\/revisions\/311"}],"wp:attachment":[{"href":"https:\/\/www.penzionnamajirkoch.sk\/index.php\/wp-json\/wp\/v2\/media?parent=160"}],"curies":[{"name":"wp","href":"https:\/\/api.w.org\/{rel}","templated":true}]}}